{"id":616,"date":"2018-05-16T13:15:23","date_gmt":"2018-05-16T13:15:23","guid":{"rendered":"https:\/\/themedemo.commercegurus.com\/shoptimizer\/?post_type=product&#038;p=616"},"modified":"2026-03-01T14:12:08","modified_gmt":"2026-03-01T14:12:08","slug":"spray-naturel-retardateur-confort-masculin","status":"publish","type":"product","link":"https:\/\/etsyeekong.com\/?product=spray-naturel-retardateur-confort-masculin","title":{"rendered":"Spray Naturel Retardateur \u2013 Confort Masculin\ud83c\uddf9\ud83c\uddec"},"content":{"rendered":"","protected":false},"excerpt":{"rendered":"<p>Disponible uniquement \u00e0 Lom\u00e9 Togo \ud83c\uddf9\ud83c\uddec<\/p>\n<p>Gar\u00e7on : le jour on va se voir je vais te montrer couleur du lit<\/p>\n<p>Jour J:\u00ab 1 minute\u2026 et tout est d\u00e9j\u00e0 fini ? \ud83d\ude14 \u00bb ou 2 min et c\u2019est fini ? \u23f3\u23f1 Trop vite, trop t\u00f4t\u2026 et tu laisses ta partenaire insatisfaite ?\ud83d\udc49 Pression, honte, manque de confiance\u2026\ud83d\udc49 Et parfois m\u00eame peur d\u2019une seconde rencontre.\u00a0 \u00a0Quel homme ne r\u00eave pas de plus de contr\u00f4le ? \u00bb<\/p>\n<p>David \u00e9vitait les relations intimes. Trop vite, trop t\u00f4t\u2026 et il se sentait honteux. Sa confiance avait disparu.<\/p>\n<p>Jean aussi avait honte. \u00c0 chaque rapport, il durait \u00e0 peine 2 minutes. Sa compagne se sentait frustr\u00e9e. Il s\u2019isolait, doutait de lui, croyait qu\u2019il n\u2019\u00e9tait &#8220;pas un vrai homme&#8221;.<\/p>\n<p>Puis ils ont essay\u00e9 un spray discret, facile \u00e0 utiliser, qui leur permettait de durer plus longtemps et de reprendre le contr\u00f4le.<\/p>\n<p>R\u00e9sultat ? Des moments intimes prolong\u00e9s, une partenaire combl\u00e9e, et surtout un homme qui retrouve sa fiert\u00e9.<\/p>\n<p>\ud83d\udd25 Ne laissez plus ce probl\u00e8me ruiner vos moments.<\/p>\n<p>\u23f3 Stop aux &#8220;moments trop courts&#8221;.<\/p>\n<p>\ud83c\udfaf Le Spray Retardateur Homme\u2705 :<\/p>\n<p>\u2714 Contr\u00f4le ton timing<\/p>\n<p>\u2714 Prolonge le plaisir<\/p>\n<p>\u2714 S\u00fbr, discret, efficace<\/p>\n<p>\u2728 Offre-lui des minutes intenses qu\u2019elle n\u2019oubliera pas.<\/p>\n<p>\ud83d\udcf2 Commande ton spray discret<\/p>\n<p>Avec le Spray Retardateur, vous contr\u00f4lez le temps et prolongez vos instants intimes sans stress.<\/p>\n<p>\ud83d\udc49 Offrez-vous le contr\u00f4le.<\/p>\n<p>\ud83d\udc49 Commandez le Spray Retardateur aujourd\u2019hui et reprenez confiance<\/p>\n<p>Un homme qui reprend confiance retrouve sa fiert\u00e9, son plaisir et son couple.<\/p>\n<p>\ud83d\udc49 Le changement commence quand tu oses agir<\/p>\n<p>\ud83d\udc49 Commandez d\u00e8s maintenant et vivez vos moments intimes avec plus d\u2019assurance et de plaisir.<\/p>\n<p>\ud83d\udce6<strong> Stock limit\u00e9 \u2013 profitez de votre spray aujourd\u2019hui !<\/strong><\/p>\n<p><strong>les pr\u00e9servatifs vous prot\u00e8gent contre les infections sexuellement transmissibles IST r\u00e9duit le risque de transmission du VIH de l\u2019h\u00e9patite des herp\u00e8s g\u00e9nitaux de la syphilis des gonorrh\u00e9es des chlamydias contraception efficace taux d\u2019efficacit\u00e9 d\u2019environ 98% en cas d\u2019utilisation correcte.<\/strong><\/p>\n<p>\u26a0\ufe0f\u00a0<strong>Stock limit\u00e9 \u2013 profitez-en tant qu\u2019il est disponible !<\/strong><\/p>\n<p>1.\u201cInvestir dans votre couple aujourd\u2019hui, c\u2019est \u00e9viter les probl\u00e8mes d&#8217;infid\u00e9lit\u00e9 et divorce de demain.\u201d<\/p>\n<p>2. \u201cNos produits sont \u00e0 base d\u2019ingr\u00e9dients naturels utilis\u00e9s depuis des g\u00e9n\u00e9rations.\u201d<\/p>\n<p>3. \u201cFormul\u00e9s naturellement, ils respectent votre corps sans produits chimiques agressifs.\u201d<\/p>\n<p>4.\u201cNos formules sont uniques, associant tradition et innovation.\u201d<\/p>\n<p>5.\u201cNos clients t\u00e9moignent d\u00e9j\u00e0 de r\u00e9sultats visibles en quelques jours.\u201d<\/p>\n<p>6. \u201cFacile d\u2019utilisation, nos produits s\u2019int\u00e8grent \u00e0 votre routine quotidienne.\u201d<\/p>\n<p>\u26a0\ufe0f\u00a0<strong>Stock limit\u00e9 \u2013 profitez-en tant qu\u2019il est disponible !<\/strong><\/p>\n","protected":false},"featured_media":7288,"comment_status":"open","ping_status":"closed","template":"","meta":{"_uag_custom_page_level_css":""},"product_brand":[],"product_cat":[31],"product_tag":[66],"class_list":{"0":"post-616","1":"product","2":"type-product","3":"status-publish","4":"has-post-thumbnail","6":"product_cat-aphrodisiaques-naturels","7":"product_tag-longue-duree","9":"first","10":"instock","11":"sale","12":"featured","13":"purchasable","14":"product-type-simple"},"yoast_head":"<!-- This site is optimized with the Yoast SEO plugin v27.5 - https:\/\/yoast.com\/product\/yoast-seo-wordpress\/ -->\n<title>Spray Retardateur Naturel et Discret pour Plus de Confiance<\/title>\n<meta name=\"description\" content=\"D\u00e9couvrez VigaSpray, le spray retardateur naturel et discret qui aide \u00e0 prolonger vos moments intimes. Livraison rapide et 100% discr\u00e8te.\" \/>\n<meta name=\"robots\" content=\"index, follow, max-snippet:-1, max-image-preview:large, max-video-preview:-1\" \/>\n<link rel=\"canonical\" href=\"https:\/\/etsyeekong.com\/?product=spray-naturel-retardateur-confort-masculin\" \/>\n<meta property=\"og:locale\" content=\"fr_FR\" \/>\n<meta property=\"og:type\" content=\"article\" \/>\n<meta property=\"og:title\" content=\"Spray Retardateur Naturel et Discret pour Plus de Confiance\" \/>\n<meta property=\"og:description\" content=\"D\u00e9couvrez VigaSpray, le spray retardateur naturel et discret qui aide \u00e0 prolonger vos moments intimes. Livraison rapide et 100% discr\u00e8te.\" \/>\n<meta property=\"og:url\" content=\"https:\/\/etsyeekong.com\/?product=spray-naturel-retardateur-confort-masculin\" \/>\n<meta property=\"og:site_name\" content=\"etsyeekong.com\" \/>\n<meta property=\"article:modified_time\" content=\"2026-03-01T14:12:08+00:00\" \/>\n<meta property=\"og:image\" content=\"https:\/\/etsyeekong.com\/wp-content\/uploads\/2018\/05\/photo_2024-06-01_17-58-55.jpg\" \/>\n\t<meta property=\"og:image:width\" content=\"940\" \/>\n\t<meta property=\"og:image:height\" content=\"788\" \/>\n\t<meta property=\"og:image:type\" content=\"image\/jpeg\" \/>\n<meta name=\"twitter:card\" content=\"summary_large_image\" \/>\n<meta name=\"twitter:label1\" content=\"Dur\u00e9e de lecture estim\u00e9e\" \/>\n\t<meta name=\"twitter:data1\" content=\"1 minute\" \/>\n<script type=\"application\/ld+json\" class=\"yoast-schema-graph\">{\"@context\":\"https:\\\/\\\/schema.org\",\"@graph\":[{\"@type\":\"WebPage\",\"@id\":\"https:\\\/\\\/etsyeekong.com\\\/?product=spray-naturel-retardateur-confort-masculin\",\"url\":\"https:\\\/\\\/etsyeekong.com\\\/?product=spray-naturel-retardateur-confort-masculin\",\"name\":\"Spray Retardateur Naturel et Discret pour Plus de Confiance\",\"isPartOf\":{\"@id\":\"https:\\\/\\\/etsyeekong.com\\\/#website\"},\"primaryImageOfPage\":{\"@id\":\"https:\\\/\\\/etsyeekong.com\\\/?product=spray-naturel-retardateur-confort-masculin#primaryimage\"},\"image\":{\"@id\":\"https:\\\/\\\/etsyeekong.com\\\/?product=spray-naturel-retardateur-confort-masculin#primaryimage\"},\"thumbnailUrl\":\"https:\\\/\\\/etsyeekong.com\\\/wp-content\\\/uploads\\\/2018\\\/05\\\/photo_2024-06-01_17-58-55.jpg\",\"datePublished\":\"2018-05-16T13:15:23+00:00\",\"dateModified\":\"2026-03-01T14:12:08+00:00\",\"description\":\"D\u00e9couvrez VigaSpray, le spray retardateur naturel et discret qui aide \u00e0 prolonger vos moments intimes. Livraison rapide et 100% discr\u00e8te.\",\"breadcrumb\":{\"@id\":\"https:\\\/\\\/etsyeekong.com\\\/?product=spray-naturel-retardateur-confort-masculin#breadcrumb\"},\"inLanguage\":\"fr-FR\",\"potentialAction\":[{\"@type\":\"ReadAction\",\"target\":[\"https:\\\/\\\/etsyeekong.com\\\/?product=spray-naturel-retardateur-confort-masculin\"]}]},{\"@type\":\"ImageObject\",\"inLanguage\":\"fr-FR\",\"@id\":\"https:\\\/\\\/etsyeekong.com\\\/?product=spray-naturel-retardateur-confort-masculin#primaryimage\",\"url\":\"https:\\\/\\\/etsyeekong.com\\\/wp-content\\\/uploads\\\/2018\\\/05\\\/photo_2024-06-01_17-58-55.jpg\",\"contentUrl\":\"https:\\\/\\\/etsyeekong.com\\\/wp-content\\\/uploads\\\/2018\\\/05\\\/photo_2024-06-01_17-58-55.jpg\",\"width\":940,\"height\":788},{\"@type\":\"BreadcrumbList\",\"@id\":\"https:\\\/\\\/etsyeekong.com\\\/?product=spray-naturel-retardateur-confort-masculin#breadcrumb\",\"itemListElement\":[{\"@type\":\"ListItem\",\"position\":1,\"name\":\"Accueil\",\"item\":\"https:\\\/\\\/etsyeekong.com\\\/\"},{\"@type\":\"ListItem\",\"position\":2,\"name\":\"Boutique\",\"item\":\"https:\\\/\\\/etsyeekong.com\\\/?page_id=8\"},{\"@type\":\"ListItem\",\"position\":3,\"name\":\"Spray Naturel Retardateur \u2013 Confort Masculin\ud83c\uddf9\ud83c\uddec\"}]},{\"@type\":\"WebSite\",\"@id\":\"https:\\\/\\\/etsyeekong.com\\\/#website\",\"url\":\"https:\\\/\\\/etsyeekong.com\\\/\",\"name\":\"etsyeekong.com\",\"description\":\"Sant\u00e9 &amp; heureux tous les jours\",\"publisher\":{\"@id\":\"https:\\\/\\\/etsyeekong.com\\\/#organization\"},\"potentialAction\":[{\"@type\":\"SearchAction\",\"target\":{\"@type\":\"EntryPoint\",\"urlTemplate\":\"https:\\\/\\\/etsyeekong.com\\\/?s={search_term_string}\"},\"query-input\":{\"@type\":\"PropertyValueSpecification\",\"valueRequired\":true,\"valueName\":\"search_term_string\"}}],\"inLanguage\":\"fr-FR\"},{\"@type\":\"Organization\",\"@id\":\"https:\\\/\\\/etsyeekong.com\\\/#organization\",\"name\":\"etsyeekong.com\",\"url\":\"https:\\\/\\\/etsyeekong.com\\\/\",\"logo\":{\"@type\":\"ImageObject\",\"inLanguage\":\"fr-FR\",\"@id\":\"https:\\\/\\\/etsyeekong.com\\\/#\\\/schema\\\/logo\\\/image\\\/\",\"url\":\"https:\\\/\\\/etsyeekong.com\\\/wp-content\\\/uploads\\\/2025\\\/11\\\/cropped-WhatsApp-Image-2025-11-10-at-12.17.08-2.jpeg\",\"contentUrl\":\"https:\\\/\\\/etsyeekong.com\\\/wp-content\\\/uploads\\\/2025\\\/11\\\/cropped-WhatsApp-Image-2025-11-10-at-12.17.08-2.jpeg\",\"width\":209,\"height\":75,\"caption\":\"etsyeekong.com\"},\"image\":{\"@id\":\"https:\\\/\\\/etsyeekong.com\\\/#\\\/schema\\\/logo\\\/image\\\/\"}}]}<\/script>\n<!-- \/ Yoast SEO plugin. -->","yoast_head_json":{"title":"Spray Retardateur Naturel et Discret pour Plus de Confiance","description":"D\u00e9couvrez VigaSpray, le spray retardateur naturel et discret qui aide \u00e0 prolonger vos moments intimes. Livraison rapide et 100% discr\u00e8te.","robots":{"index":"index","follow":"follow","max-snippet":"max-snippet:-1","max-image-preview":"max-image-preview:large","max-video-preview":"max-video-preview:-1"},"canonical":"https:\/\/etsyeekong.com\/?product=spray-naturel-retardateur-confort-masculin","og_locale":"fr_FR","og_type":"article","og_title":"Spray Retardateur Naturel et Discret pour Plus de Confiance","og_description":"D\u00e9couvrez VigaSpray, le spray retardateur naturel et discret qui aide \u00e0 prolonger vos moments intimes. Livraison rapide et 100% discr\u00e8te.","og_url":"https:\/\/etsyeekong.com\/?product=spray-naturel-retardateur-confort-masculin","og_site_name":"etsyeekong.com","article_modified_time":"2026-03-01T14:12:08+00:00","og_image":[{"width":940,"height":788,"url":"https:\/\/etsyeekong.com\/wp-content\/uploads\/2018\/05\/photo_2024-06-01_17-58-55.jpg","type":"image\/jpeg"}],"twitter_card":"summary_large_image","twitter_misc":{"Dur\u00e9e de lecture estim\u00e9e":"1 minute"},"schema":{"@context":"https:\/\/schema.org","@graph":[{"@type":"WebPage","@id":"https:\/\/etsyeekong.com\/?product=spray-naturel-retardateur-confort-masculin","url":"https:\/\/etsyeekong.com\/?product=spray-naturel-retardateur-confort-masculin","name":"Spray Retardateur Naturel et Discret pour Plus de Confiance","isPartOf":{"@id":"https:\/\/etsyeekong.com\/#website"},"primaryImageOfPage":{"@id":"https:\/\/etsyeekong.com\/?product=spray-naturel-retardateur-confort-masculin#primaryimage"},"image":{"@id":"https:\/\/etsyeekong.com\/?product=spray-naturel-retardateur-confort-masculin#primaryimage"},"thumbnailUrl":"https:\/\/etsyeekong.com\/wp-content\/uploads\/2018\/05\/photo_2024-06-01_17-58-55.jpg","datePublished":"2018-05-16T13:15:23+00:00","dateModified":"2026-03-01T14:12:08+00:00","description":"D\u00e9couvrez VigaSpray, le spray retardateur naturel et discret qui aide \u00e0 prolonger vos moments intimes. Livraison rapide et 100% discr\u00e8te.","breadcrumb":{"@id":"https:\/\/etsyeekong.com\/?product=spray-naturel-retardateur-confort-masculin#breadcrumb"},"inLanguage":"fr-FR","potentialAction":[{"@type":"ReadAction","target":["https:\/\/etsyeekong.com\/?product=spray-naturel-retardateur-confort-masculin"]}]},{"@type":"ImageObject","inLanguage":"fr-FR","@id":"https:\/\/etsyeekong.com\/?product=spray-naturel-retardateur-confort-masculin#primaryimage","url":"https:\/\/etsyeekong.com\/wp-content\/uploads\/2018\/05\/photo_2024-06-01_17-58-55.jpg","contentUrl":"https:\/\/etsyeekong.com\/wp-content\/uploads\/2018\/05\/photo_2024-06-01_17-58-55.jpg","width":940,"height":788},{"@type":"BreadcrumbList","@id":"https:\/\/etsyeekong.com\/?product=spray-naturel-retardateur-confort-masculin#breadcrumb","itemListElement":[{"@type":"ListItem","position":1,"name":"Accueil","item":"https:\/\/etsyeekong.com\/"},{"@type":"ListItem","position":2,"name":"Boutique","item":"https:\/\/etsyeekong.com\/?page_id=8"},{"@type":"ListItem","position":3,"name":"Spray Naturel Retardateur \u2013 Confort Masculin\ud83c\uddf9\ud83c\uddec"}]},{"@type":"WebSite","@id":"https:\/\/etsyeekong.com\/#website","url":"https:\/\/etsyeekong.com\/","name":"etsyeekong.com","description":"Sant\u00e9 &amp; heureux tous les jours","publisher":{"@id":"https:\/\/etsyeekong.com\/#organization"},"potentialAction":[{"@type":"SearchAction","target":{"@type":"EntryPoint","urlTemplate":"https:\/\/etsyeekong.com\/?s={search_term_string}"},"query-input":{"@type":"PropertyValueSpecification","valueRequired":true,"valueName":"search_term_string"}}],"inLanguage":"fr-FR"},{"@type":"Organization","@id":"https:\/\/etsyeekong.com\/#organization","name":"etsyeekong.com","url":"https:\/\/etsyeekong.com\/","logo":{"@type":"ImageObject","inLanguage":"fr-FR","@id":"https:\/\/etsyeekong.com\/#\/schema\/logo\/image\/","url":"https:\/\/etsyeekong.com\/wp-content\/uploads\/2025\/11\/cropped-WhatsApp-Image-2025-11-10-at-12.17.08-2.jpeg","contentUrl":"https:\/\/etsyeekong.com\/wp-content\/uploads\/2025\/11\/cropped-WhatsApp-Image-2025-11-10-at-12.17.08-2.jpeg","width":209,"height":75,"caption":"etsyeekong.com"},"image":{"@id":"https:\/\/etsyeekong.com\/#\/schema\/logo\/image\/"}}]}},"uagb_featured_image_src":{"full":["https:\/\/etsyeekong.com\/wp-content\/uploads\/2018\/05\/photo_2024-06-01_17-58-55.jpg",940,788,false],"thumbnail":["https:\/\/etsyeekong.com\/wp-content\/uploads\/2018\/05\/photo_2024-06-01_17-58-55-150x150.jpg",150,150,true],"medium":["https:\/\/etsyeekong.com\/wp-content\/uploads\/2018\/05\/photo_2024-06-01_17-58-55-300x251.jpg",300,251,true],"medium_large":["https:\/\/etsyeekong.com\/wp-content\/uploads\/2018\/05\/photo_2024-06-01_17-58-55-768x644.jpg",768,644,true],"large":["https:\/\/etsyeekong.com\/wp-content\/uploads\/2018\/05\/photo_2024-06-01_17-58-55.jpg",940,788,false],"1536x1536":["https:\/\/etsyeekong.com\/wp-content\/uploads\/2018\/05\/photo_2024-06-01_17-58-55.jpg",940,788,false],"2048x2048":["https:\/\/etsyeekong.com\/wp-content\/uploads\/2018\/05\/photo_2024-06-01_17-58-55.jpg",940,788,false],"commercegurus-pdp-large":["https:\/\/etsyeekong.com\/wp-content\/uploads\/2018\/05\/photo_2024-06-01_17-58-55.jpg",940,788,false],"commercegurus-plp-mobile":["https:\/\/etsyeekong.com\/wp-content\/uploads\/2018\/05\/photo_2024-06-01_17-58-55-441x370.jpg",441,370,true],"cgkit_image_swatch":["https:\/\/etsyeekong.com\/wp-content\/uploads\/2018\/05\/photo_2024-06-01_17-58-55-100x100.jpg",100,100,true],"woocommerce_thumbnail":["https:\/\/etsyeekong.com\/wp-content\/uploads\/2018\/05\/photo_2024-06-01_17-58-55-300x300.jpg",300,300,true],"woocommerce_single":["https:\/\/etsyeekong.com\/wp-content\/uploads\/2018\/05\/photo_2024-06-01_17-58-55-800x671.jpg",800,671,true],"woocommerce_gallery_thumbnail":["https:\/\/etsyeekong.com\/wp-content\/uploads\/2018\/05\/photo_2024-06-01_17-58-55-150x126.jpg",150,126,true]},"uagb_author_info":{"display_name":"Service client Yeekong","author_link":"https:\/\/etsyeekong.com\/?author=0"},"uagb_comment_info":25,"uagb_excerpt":"Disponible uniquement \u00e0 Lom\u00e9 Togo \ud83c\uddf9\ud83c\uddec Gar\u00e7on : le jour on va se voir je vais te montrer couleur du lit Jour J:\u00ab 1 minute\u2026 et tout est d\u00e9j\u00e0 fini ? \ud83d\ude14 \u00bb ou 2 min et c\u2019est fini ? \u23f3\u23f1 Trop vite, trop t\u00f4t\u2026 et tu laisses ta partenaire insatisfaite ?\ud83d\udc49 Pression, honte, manque\u2026","jetpack_sharing_enabled":false,"_links":{"self":[{"href":"https:\/\/etsyeekong.com\/index.php?rest_route=\/wp\/v2\/product\/616","targetHints":{"allow":["GET"]}}],"collection":[{"href":"https:\/\/etsyeekong.com\/index.php?rest_route=\/wp\/v2\/product"}],"about":[{"href":"https:\/\/etsyeekong.com\/index.php?rest_route=\/wp\/v2\/types\/product"}],"replies":[{"embeddable":true,"href":"https:\/\/etsyeekong.com\/index.php?rest_route=%2Fwp%2Fv2%2Fcomments&post=616"}],"wp:featuredmedia":[{"embeddable":true,"href":"https:\/\/etsyeekong.com\/index.php?rest_route=\/wp\/v2\/media\/7288"}],"wp:attachment":[{"href":"https:\/\/etsyeekong.com\/index.php?rest_route=%2Fwp%2Fv2%2Fmedia&parent=616"}],"wp:term":[{"taxonomy":"product_brand","embeddable":true,"href":"https:\/\/etsyeekong.com\/index.php?rest_route=%2Fwp%2Fv2%2Fproduct_brand&post=616"},{"taxonomy":"product_cat","embeddable":true,"href":"https:\/\/etsyeekong.com\/index.php?rest_route=%2Fwp%2Fv2%2Fproduct_cat&post=616"},{"taxonomy":"product_tag","embeddable":true,"href":"https:\/\/etsyeekong.com\/index.php?rest_route=%2Fwp%2Fv2%2Fproduct_tag&post=616"}],"curies":[{"name":"wp","href":"https:\/\/api.w.org\/{rel}","templated":true}]}}