{"id":661,"date":"2018-05-16T18:13:50","date_gmt":"2018-05-16T18:13:50","guid":{"rendered":"https:\/\/themedemo.commercegurus.com\/shoptimizer\/?post_type=product&#038;p=661"},"modified":"2026-05-14T15:39:11","modified_gmt":"2026-05-14T15:39:11","slug":"huile-de-massage-vitalite-naturelle-pour-homme","status":"publish","type":"product","link":"https:\/\/etsyeekong.com\/?product=huile-de-massage-vitalite-naturelle-pour-homme","title":{"rendered":"Huile de Massage Vitalit\u00e9 Naturelle pour Homme\ud83c\uddf9\ud83c\uddec \ud83c\uddf3\ud83c\uddea"},"content":{"rendered":"","protected":false},"excerpt":{"rendered":"<p>Disponible \u00e0 Niamey\ud83c\uddf3\ud83c\uddea lom\u00e9\ud83c\uddf9\ud83c\uddec cotonou\ud83c\udde7\ud83c\uddef parakou\ud83c\udde7\ud83c\uddef<\/p>\n<p>Ko\u00a0 si je t&#8217;attrape tu vas voir, voil\u00e0 la petite est venue tu es l\u00e0 vionn ,Fo jouer avec \u00e7a,\u00e7a va se lever. <strong>Non plus jamais \u00e7a\u00a0<\/strong> <strong>bro!<\/strong><\/p>\n<p>\ud83d\udc40 Tu as honte de ton intimit\u00e9 ?<\/p>\n<p>Tu \u00e9vites les moments de lumi\u00e8re ?<\/p>\n<p>Tu redoutes le jugement silencieux de ta partenaire ?<\/p>\n<p>\ud83d\udc49 Pilules douteuses,<\/p>\n<p>\ud83d\udc49 pompes dangereuses,<\/p>\n<p>\ud83d\udc49 recettes bizarres d\u2019internet\u2026 tout \u00e7a est inutile.<\/p>\n<p>\u2728 Parce qu\u2019un homme s\u00fbr de lui, \u00e7a se voit partout.<\/p>\n<p>Moussa n\u2019osait pas se mettre en couple. Il se disait &#8220;je suis trop petit, elle va me juger&#8221;<\/p>\n<p>Kevin n\u2019osait pas se montrer torse nu ni m\u00eame parler de ses complexes. Ce manque de confiance le bloquait dans ses relations.<\/p>\n<p>\u00ab \u00c9rection molle\u2026 silence lourd. \u00bb<\/p>\n<p>David avait honte devant sa partenaire.<\/p>\n<p>Chaque tentative se terminait par une excuse.<\/p>\n<p>La confiance s\u2019effondrait, le couple se brisait.<\/p>\n<p>cela touche plus d&#8217;hommes qu&#8217;on ne l&#8217;imagine.<\/p>\n<p>La pression le stress la mal bouffe parfois m\u00eame l&#8217;exc\u00e8s de la masturbation en sont les causes<\/p>\n<p>mais ce n&#8217;est pas une fatalit\u00e9 avec de l\u2019aide, des solutions et de la patience, tout pouvait changer.<\/p>\n<p>avec l&#8217;huile naturelle qui stimule la circulation et favorise un d\u00e9veloppement progressif. Avec un massage quotidien, il a commenc\u00e9 \u00e0 voir des r\u00e9sultats.<\/p>\n<p>Aujourd\u2019hui, Kevin n\u2019est plus le m\u00eame homme : s\u00fbr de lui, plus confiant, plus \u00e9panoui.<\/p>\n<p>\ud83d\udcaa Faites comme lui, osez le changement.<\/p>\n<p>\ud83d\udc49 Commandez l\u2019Huile d\u2019Agrandissement d\u00e8s maintenant et reprenez le contr\u00f4le de votre virilit\u00e9.<\/p>\n<p>Aujourd\u2019hui, il vit une intimit\u00e9 plus sereine.<\/p>\n<p>\ud83d\udc49 Chaque homme m\u00e9rite de retrouver sa confiance.<\/p>\n<p><strong>La solution naturelle :<\/strong><\/p>\n<p>\ud83d\udc49 L\u2019Huile de Massage Vitalit\u00e9 Masculine<\/p>\n<p>Formul\u00e9e \u00e0 base d\u2019extraits v\u00e9g\u00e9taux et d\u2019huiles naturelles reconnues, cette huile est con\u00e7ue pour :<\/p>\n<p>\u2714 Stimuler la circulation sanguine locale.<\/p>\n<p>\u2714 Favoriser la tonicit\u00e9 et la souplesse.<\/p>\n<p>\u2714 Nourrir et adoucir la peau.<\/p>\n<p>\u2714 Offrir un massage agr\u00e9able qui redonne confiance et \u00e9nergie.<\/p>\n<p>Un rituel intime qui associe plaisir, d\u00e9tente et vitalit\u00e9.<\/p>\n<p>&nbsp;<\/p>\n<p><strong>Imaginez-vous apr\u00e8s quelques semaines\u2026<\/strong><\/p>\n<p>\u2705 Vous retrouvez confiance en vous.<\/p>\n<p>\u2705 Votre vitalit\u00e9 masculine est raviv\u00e9e.<\/p>\n<p>\u2705 Vous profitez de moments intimes avec plus de s\u00e9r\u00e9nit\u00e9 et de fiert\u00e9.<\/p>\n<p>&nbsp;<\/p>\n<p><strong>Pourquoi choisir notre huile ?<\/strong><\/p>\n<p>\ud83c\udf31 Formule 100% naturelle<\/p>\n<p>\ud83c\udf31 Texture l\u00e9g\u00e8re et agr\u00e9able<\/p>\n<p>\ud83c\udf31 Parfum discret et masculin<\/p>\n<p>\ud83c\udf31 Facile \u00e0 int\u00e9grer dans une routine quotidienne<\/p>\n<p><strong>Ne laissez pas le stress, la fatigue ou le manque de vitalit\u00e9 prendre le dessus.<\/strong><\/p>\n<p><strong>Offrez \u00e0 votre corps le soin qu\u2019il m\u00e9rite et reprenez le contr\u00f4le de votre confiance masculine.<\/strong><\/p>\n<p>&nbsp;<\/p>\n<p>\ud83d\udd25 Commandez maintenant l\u2019Huile de Massage Vitalit\u00e9 Masculine et commencez votre transformation.<\/p>\n<p>\u2705 Cliquez sur \u201cAjouter au panier\u201d et faites le choix du bien-\u00eatre intime naturel.<\/p>\n<p>&nbsp;<\/p>\n<p>\u26a0\ufe0f <strong>Stock limit\u00e9 \u2013 profitez-en tant qu\u2019il est disponible !<\/strong><\/p>\n<p>1.\u201cInvestir dans votre couple aujourd\u2019hui, c\u2019est \u00e9viter les probl\u00e8mes d&#8217;infid\u00e9lit\u00e9 et divorce de demain.\u201d<\/p>\n<p>2. \u201cNos produits sont \u00e0 base d\u2019ingr\u00e9dients naturels utilis\u00e9s depuis des g\u00e9n\u00e9rations.\u201d<\/p>\n<p>3. \u201cFormul\u00e9s naturellement, ils respectent votre corps sans produits chimiques agressifs.\u201d<\/p>\n<p>4.\u201cNos formules sont uniques, associant tradition et innovation.\u201d<\/p>\n<p>5.\u201cNos clients t\u00e9moignent d\u00e9j\u00e0 de r\u00e9sultats visibles en quelques jours.\u201d<\/p>\n<p>6. \u201cFacile d\u2019utilisation, nos produits s\u2019int\u00e8grent \u00e0 votre routine quotidienne.\u201d<\/p>\n<p>\u26a0\ufe0f\u00a0<strong>Stock limit\u00e9 \u2013 profitez-en tant qu\u2019il est disponible !<\/strong><\/p>\n","protected":false},"featured_media":7291,"comment_status":"open","ping_status":"closed","template":"","meta":{"_uag_custom_page_level_css":""},"product_brand":[],"product_cat":[31],"product_tag":[61,62,66,63,67,65,64],"class_list":{"0":"post-661","1":"product","2":"type-product","3":"status-publish","4":"has-post-thumbnail","6":"product_cat-aphrodisiaques-naturels","7":"product_tag-gros","8":"product_tag-long","9":"product_tag-longue-duree","10":"product_tag-lourd","11":"product_tag-no-stress","12":"product_tag-performance","13":"product_tag-puissance","15":"first","16":"instock","17":"purchasable","18":"product-type-variable"},"yoast_head":"<!-- This site is optimized with the Yoast SEO plugin v27.5 - https:\/\/yoast.com\/product\/yoast-seo-wordpress\/ -->\n<title>Huile de Massage Vitalit\u00e9 Masculine \u2013 Confiance Naturelle<\/title>\n<meta name=\"description\" content=\"Retrouvez confiance et vitalit\u00e9 avec notre huile de massage intime 100% naturelle. Bien-\u00eatre masculin, tonicit\u00e9 et s\u00e9r\u00e9nit\u00e9 au quotidien.\" \/>\n<meta name=\"robots\" content=\"index, follow, max-snippet:-1, max-image-preview:large, max-video-preview:-1\" \/>\n<link rel=\"canonical\" href=\"https:\/\/etsyeekong.com\/?product=huile-de-massage-vitalite-naturelle-pour-homme\" \/>\n<meta property=\"og:locale\" content=\"fr_FR\" \/>\n<meta property=\"og:type\" content=\"article\" \/>\n<meta property=\"og:title\" content=\"Huile de Massage Vitalit\u00e9 Masculine \u2013 Confiance Naturelle\" \/>\n<meta property=\"og:description\" content=\"Retrouvez confiance et vitalit\u00e9 avec notre huile de massage intime 100% naturelle. Bien-\u00eatre masculin, tonicit\u00e9 et s\u00e9r\u00e9nit\u00e9 au quotidien.\" \/>\n<meta property=\"og:url\" content=\"https:\/\/etsyeekong.com\/?product=huile-de-massage-vitalite-naturelle-pour-homme\" \/>\n<meta property=\"og:site_name\" content=\"etsyeekong.com\" \/>\n<meta property=\"article:modified_time\" content=\"2026-05-14T15:39:11+00:00\" \/>\n<meta property=\"og:image\" content=\"https:\/\/etsyeekong.com\/wp-content\/uploads\/2018\/05\/photo_2024-08-05_14-28-54.jpg\" \/>\n\t<meta property=\"og:image:width\" content=\"940\" \/>\n\t<meta property=\"og:image:height\" content=\"788\" \/>\n\t<meta property=\"og:image:type\" content=\"image\/jpeg\" \/>\n<meta name=\"twitter:card\" content=\"summary_large_image\" \/>\n<meta name=\"twitter:label1\" content=\"Dur\u00e9e de lecture estim\u00e9e\" \/>\n\t<meta name=\"twitter:data1\" content=\"1 minute\" \/>\n<script type=\"application\/ld+json\" class=\"yoast-schema-graph\">{\"@context\":\"https:\\\/\\\/schema.org\",\"@graph\":[{\"@type\":\"WebPage\",\"@id\":\"https:\\\/\\\/etsyeekong.com\\\/?product=huile-de-massage-vitalite-naturelle-pour-homme\",\"url\":\"https:\\\/\\\/etsyeekong.com\\\/?product=huile-de-massage-vitalite-naturelle-pour-homme\",\"name\":\"Huile de Massage Vitalit\u00e9 Masculine \u2013 Confiance Naturelle\",\"isPartOf\":{\"@id\":\"https:\\\/\\\/etsyeekong.com\\\/#website\"},\"primaryImageOfPage\":{\"@id\":\"https:\\\/\\\/etsyeekong.com\\\/?product=huile-de-massage-vitalite-naturelle-pour-homme#primaryimage\"},\"image\":{\"@id\":\"https:\\\/\\\/etsyeekong.com\\\/?product=huile-de-massage-vitalite-naturelle-pour-homme#primaryimage\"},\"thumbnailUrl\":\"https:\\\/\\\/etsyeekong.com\\\/wp-content\\\/uploads\\\/2018\\\/05\\\/photo_2024-08-05_14-28-54.jpg\",\"datePublished\":\"2018-05-16T18:13:50+00:00\",\"dateModified\":\"2026-05-14T15:39:11+00:00\",\"description\":\"Retrouvez confiance et vitalit\u00e9 avec notre huile de massage intime 100% naturelle. Bien-\u00eatre masculin, tonicit\u00e9 et s\u00e9r\u00e9nit\u00e9 au quotidien.\",\"breadcrumb\":{\"@id\":\"https:\\\/\\\/etsyeekong.com\\\/?product=huile-de-massage-vitalite-naturelle-pour-homme#breadcrumb\"},\"inLanguage\":\"fr-FR\",\"potentialAction\":[{\"@type\":\"ReadAction\",\"target\":[\"https:\\\/\\\/etsyeekong.com\\\/?product=huile-de-massage-vitalite-naturelle-pour-homme\"]}]},{\"@type\":\"ImageObject\",\"inLanguage\":\"fr-FR\",\"@id\":\"https:\\\/\\\/etsyeekong.com\\\/?product=huile-de-massage-vitalite-naturelle-pour-homme#primaryimage\",\"url\":\"https:\\\/\\\/etsyeekong.com\\\/wp-content\\\/uploads\\\/2018\\\/05\\\/photo_2024-08-05_14-28-54.jpg\",\"contentUrl\":\"https:\\\/\\\/etsyeekong.com\\\/wp-content\\\/uploads\\\/2018\\\/05\\\/photo_2024-08-05_14-28-54.jpg\",\"width\":940,\"height\":788},{\"@type\":\"BreadcrumbList\",\"@id\":\"https:\\\/\\\/etsyeekong.com\\\/?product=huile-de-massage-vitalite-naturelle-pour-homme#breadcrumb\",\"itemListElement\":[{\"@type\":\"ListItem\",\"position\":1,\"name\":\"Accueil\",\"item\":\"https:\\\/\\\/etsyeekong.com\\\/\"},{\"@type\":\"ListItem\",\"position\":2,\"name\":\"Boutique\",\"item\":\"https:\\\/\\\/etsyeekong.com\\\/?page_id=8\"},{\"@type\":\"ListItem\",\"position\":3,\"name\":\"Huile de Massage Vitalit\u00e9 Naturelle pour Homme\ud83c\uddf9\ud83c\uddec \ud83c\uddf3\ud83c\uddea\"}]},{\"@type\":\"WebSite\",\"@id\":\"https:\\\/\\\/etsyeekong.com\\\/#website\",\"url\":\"https:\\\/\\\/etsyeekong.com\\\/\",\"name\":\"etsyeekong.com\",\"description\":\"Sant\u00e9 &amp; heureux tous les jours\",\"publisher\":{\"@id\":\"https:\\\/\\\/etsyeekong.com\\\/#organization\"},\"potentialAction\":[{\"@type\":\"SearchAction\",\"target\":{\"@type\":\"EntryPoint\",\"urlTemplate\":\"https:\\\/\\\/etsyeekong.com\\\/?s={search_term_string}\"},\"query-input\":{\"@type\":\"PropertyValueSpecification\",\"valueRequired\":true,\"valueName\":\"search_term_string\"}}],\"inLanguage\":\"fr-FR\"},{\"@type\":\"Organization\",\"@id\":\"https:\\\/\\\/etsyeekong.com\\\/#organization\",\"name\":\"etsyeekong.com\",\"url\":\"https:\\\/\\\/etsyeekong.com\\\/\",\"logo\":{\"@type\":\"ImageObject\",\"inLanguage\":\"fr-FR\",\"@id\":\"https:\\\/\\\/etsyeekong.com\\\/#\\\/schema\\\/logo\\\/image\\\/\",\"url\":\"https:\\\/\\\/etsyeekong.com\\\/wp-content\\\/uploads\\\/2025\\\/11\\\/cropped-WhatsApp-Image-2025-11-10-at-12.17.08-2.jpeg\",\"contentUrl\":\"https:\\\/\\\/etsyeekong.com\\\/wp-content\\\/uploads\\\/2025\\\/11\\\/cropped-WhatsApp-Image-2025-11-10-at-12.17.08-2.jpeg\",\"width\":209,\"height\":75,\"caption\":\"etsyeekong.com\"},\"image\":{\"@id\":\"https:\\\/\\\/etsyeekong.com\\\/#\\\/schema\\\/logo\\\/image\\\/\"}}]}<\/script>\n<!-- \/ Yoast SEO plugin. -->","yoast_head_json":{"title":"Huile de Massage Vitalit\u00e9 Masculine \u2013 Confiance Naturelle","description":"Retrouvez confiance et vitalit\u00e9 avec notre huile de massage intime 100% naturelle. Bien-\u00eatre masculin, tonicit\u00e9 et s\u00e9r\u00e9nit\u00e9 au quotidien.","robots":{"index":"index","follow":"follow","max-snippet":"max-snippet:-1","max-image-preview":"max-image-preview:large","max-video-preview":"max-video-preview:-1"},"canonical":"https:\/\/etsyeekong.com\/?product=huile-de-massage-vitalite-naturelle-pour-homme","og_locale":"fr_FR","og_type":"article","og_title":"Huile de Massage Vitalit\u00e9 Masculine \u2013 Confiance Naturelle","og_description":"Retrouvez confiance et vitalit\u00e9 avec notre huile de massage intime 100% naturelle. Bien-\u00eatre masculin, tonicit\u00e9 et s\u00e9r\u00e9nit\u00e9 au quotidien.","og_url":"https:\/\/etsyeekong.com\/?product=huile-de-massage-vitalite-naturelle-pour-homme","og_site_name":"etsyeekong.com","article_modified_time":"2026-05-14T15:39:11+00:00","og_image":[{"width":940,"height":788,"url":"https:\/\/etsyeekong.com\/wp-content\/uploads\/2018\/05\/photo_2024-08-05_14-28-54.jpg","type":"image\/jpeg"}],"twitter_card":"summary_large_image","twitter_misc":{"Dur\u00e9e de lecture estim\u00e9e":"1 minute"},"schema":{"@context":"https:\/\/schema.org","@graph":[{"@type":"WebPage","@id":"https:\/\/etsyeekong.com\/?product=huile-de-massage-vitalite-naturelle-pour-homme","url":"https:\/\/etsyeekong.com\/?product=huile-de-massage-vitalite-naturelle-pour-homme","name":"Huile de Massage Vitalit\u00e9 Masculine \u2013 Confiance Naturelle","isPartOf":{"@id":"https:\/\/etsyeekong.com\/#website"},"primaryImageOfPage":{"@id":"https:\/\/etsyeekong.com\/?product=huile-de-massage-vitalite-naturelle-pour-homme#primaryimage"},"image":{"@id":"https:\/\/etsyeekong.com\/?product=huile-de-massage-vitalite-naturelle-pour-homme#primaryimage"},"thumbnailUrl":"https:\/\/etsyeekong.com\/wp-content\/uploads\/2018\/05\/photo_2024-08-05_14-28-54.jpg","datePublished":"2018-05-16T18:13:50+00:00","dateModified":"2026-05-14T15:39:11+00:00","description":"Retrouvez confiance et vitalit\u00e9 avec notre huile de massage intime 100% naturelle. Bien-\u00eatre masculin, tonicit\u00e9 et s\u00e9r\u00e9nit\u00e9 au quotidien.","breadcrumb":{"@id":"https:\/\/etsyeekong.com\/?product=huile-de-massage-vitalite-naturelle-pour-homme#breadcrumb"},"inLanguage":"fr-FR","potentialAction":[{"@type":"ReadAction","target":["https:\/\/etsyeekong.com\/?product=huile-de-massage-vitalite-naturelle-pour-homme"]}]},{"@type":"ImageObject","inLanguage":"fr-FR","@id":"https:\/\/etsyeekong.com\/?product=huile-de-massage-vitalite-naturelle-pour-homme#primaryimage","url":"https:\/\/etsyeekong.com\/wp-content\/uploads\/2018\/05\/photo_2024-08-05_14-28-54.jpg","contentUrl":"https:\/\/etsyeekong.com\/wp-content\/uploads\/2018\/05\/photo_2024-08-05_14-28-54.jpg","width":940,"height":788},{"@type":"BreadcrumbList","@id":"https:\/\/etsyeekong.com\/?product=huile-de-massage-vitalite-naturelle-pour-homme#breadcrumb","itemListElement":[{"@type":"ListItem","position":1,"name":"Accueil","item":"https:\/\/etsyeekong.com\/"},{"@type":"ListItem","position":2,"name":"Boutique","item":"https:\/\/etsyeekong.com\/?page_id=8"},{"@type":"ListItem","position":3,"name":"Huile de Massage Vitalit\u00e9 Naturelle pour Homme\ud83c\uddf9\ud83c\uddec \ud83c\uddf3\ud83c\uddea"}]},{"@type":"WebSite","@id":"https:\/\/etsyeekong.com\/#website","url":"https:\/\/etsyeekong.com\/","name":"etsyeekong.com","description":"Sant\u00e9 &amp; heureux tous les jours","publisher":{"@id":"https:\/\/etsyeekong.com\/#organization"},"potentialAction":[{"@type":"SearchAction","target":{"@type":"EntryPoint","urlTemplate":"https:\/\/etsyeekong.com\/?s={search_term_string}"},"query-input":{"@type":"PropertyValueSpecification","valueRequired":true,"valueName":"search_term_string"}}],"inLanguage":"fr-FR"},{"@type":"Organization","@id":"https:\/\/etsyeekong.com\/#organization","name":"etsyeekong.com","url":"https:\/\/etsyeekong.com\/","logo":{"@type":"ImageObject","inLanguage":"fr-FR","@id":"https:\/\/etsyeekong.com\/#\/schema\/logo\/image\/","url":"https:\/\/etsyeekong.com\/wp-content\/uploads\/2025\/11\/cropped-WhatsApp-Image-2025-11-10-at-12.17.08-2.jpeg","contentUrl":"https:\/\/etsyeekong.com\/wp-content\/uploads\/2025\/11\/cropped-WhatsApp-Image-2025-11-10-at-12.17.08-2.jpeg","width":209,"height":75,"caption":"etsyeekong.com"},"image":{"@id":"https:\/\/etsyeekong.com\/#\/schema\/logo\/image\/"}}]}},"uagb_featured_image_src":{"full":["https:\/\/etsyeekong.com\/wp-content\/uploads\/2018\/05\/photo_2024-08-05_14-28-54.jpg",940,788,false],"thumbnail":["https:\/\/etsyeekong.com\/wp-content\/uploads\/2018\/05\/photo_2024-08-05_14-28-54-150x150.jpg",150,150,true],"medium":["https:\/\/etsyeekong.com\/wp-content\/uploads\/2018\/05\/photo_2024-08-05_14-28-54-300x251.jpg",300,251,true],"medium_large":["https:\/\/etsyeekong.com\/wp-content\/uploads\/2018\/05\/photo_2024-08-05_14-28-54-768x644.jpg",768,644,true],"large":["https:\/\/etsyeekong.com\/wp-content\/uploads\/2018\/05\/photo_2024-08-05_14-28-54.jpg",940,788,false],"1536x1536":["https:\/\/etsyeekong.com\/wp-content\/uploads\/2018\/05\/photo_2024-08-05_14-28-54.jpg",940,788,false],"2048x2048":["https:\/\/etsyeekong.com\/wp-content\/uploads\/2018\/05\/photo_2024-08-05_14-28-54.jpg",940,788,false],"commercegurus-pdp-large":["https:\/\/etsyeekong.com\/wp-content\/uploads\/2018\/05\/photo_2024-08-05_14-28-54.jpg",940,788,false],"commercegurus-plp-mobile":["https:\/\/etsyeekong.com\/wp-content\/uploads\/2018\/05\/photo_2024-08-05_14-28-54-441x370.jpg",441,370,true],"cgkit_image_swatch":["https:\/\/etsyeekong.com\/wp-content\/uploads\/2018\/05\/photo_2024-08-05_14-28-54-100x100.jpg",100,100,true],"woocommerce_thumbnail":["https:\/\/etsyeekong.com\/wp-content\/uploads\/2018\/05\/photo_2024-08-05_14-28-54-300x300.jpg",300,300,true],"woocommerce_single":["https:\/\/etsyeekong.com\/wp-content\/uploads\/2018\/05\/photo_2024-08-05_14-28-54-800x671.jpg",800,671,true],"woocommerce_gallery_thumbnail":["https:\/\/etsyeekong.com\/wp-content\/uploads\/2018\/05\/photo_2024-08-05_14-28-54-150x126.jpg",150,126,true]},"uagb_author_info":{"display_name":"Service client Yeekong","author_link":"https:\/\/etsyeekong.com\/?author=0"},"uagb_comment_info":19,"uagb_excerpt":"Disponible \u00e0 Niamey\ud83c\uddf3\ud83c\uddea lom\u00e9\ud83c\uddf9\ud83c\uddec cotonou\ud83c\udde7\ud83c\uddef parakou\ud83c\udde7\ud83c\uddef Ko\u00a0 si je t'attrape tu vas voir, voil\u00e0 la petite est venue tu es l\u00e0 vionn ,Fo jouer avec \u00e7a,\u00e7a va se lever. Non plus jamais \u00e7a\u00a0 bro! \ud83d\udc40 Tu as honte de ton intimit\u00e9 ? Tu \u00e9vites les moments de lumi\u00e8re ? Tu redoutes le jugement silencieux de\u2026","jetpack_sharing_enabled":false,"_links":{"self":[{"href":"https:\/\/etsyeekong.com\/index.php?rest_route=\/wp\/v2\/product\/661","targetHints":{"allow":["GET"]}}],"collection":[{"href":"https:\/\/etsyeekong.com\/index.php?rest_route=\/wp\/v2\/product"}],"about":[{"href":"https:\/\/etsyeekong.com\/index.php?rest_route=\/wp\/v2\/types\/product"}],"replies":[{"embeddable":true,"href":"https:\/\/etsyeekong.com\/index.php?rest_route=%2Fwp%2Fv2%2Fcomments&post=661"}],"wp:featuredmedia":[{"embeddable":true,"href":"https:\/\/etsyeekong.com\/index.php?rest_route=\/wp\/v2\/media\/7291"}],"wp:attachment":[{"href":"https:\/\/etsyeekong.com\/index.php?rest_route=%2Fwp%2Fv2%2Fmedia&parent=661"}],"wp:term":[{"taxonomy":"product_brand","embeddable":true,"href":"https:\/\/etsyeekong.com\/index.php?rest_route=%2Fwp%2Fv2%2Fproduct_brand&post=661"},{"taxonomy":"product_cat","embeddable":true,"href":"https:\/\/etsyeekong.com\/index.php?rest_route=%2Fwp%2Fv2%2Fproduct_cat&post=661"},{"taxonomy":"product_tag","embeddable":true,"href":"https:\/\/etsyeekong.com\/index.php?rest_route=%2Fwp%2Fv2%2Fproduct_tag&post=661"}],"curies":[{"name":"wp","href":"https:\/\/api.w.org\/{rel}","templated":true}]}}